{"id":2172,"date":"2021-02-17T12:40:55","date_gmt":"2021-02-17T11:40:55","guid":{"rendered":"https:\/\/www.muensterstr.de\/munster-sokak-festivali\/"},"modified":"2021-02-17T19:38:19","modified_gmt":"2021-02-17T18:38:19","slug":"munster-sokak-festivali","status":"publish","type":"page","link":"https:\/\/www.muensterstr.de\/tr\/munster-sokak-festivali\/","title":{"rendered":"Munster Sokak Festivali"},"content":{"rendered":"\t\t<div data-elementor-type=\"wp-page\" data-elementor-id=\"2172\" class=\"elementor elementor-2172\">\n\t\t\t\t\t\t<section class=\"elementor-section elementor-top-section elementor-element elementor-element-1331fc4 elementor-section-boxed elementor-section-height-default elementor-section-height-default\" data-id=\"1331fc4\" data-element_type=\"section\" data-e-type=\"section\">\n\t\t\t\t\t\t<div class=\"elementor-container elementor-column-gap-default\">\n\t\t\t\t\t<div class=\"elementor-column elementor-col-100 elementor-top-column elementor-element elementor-element-fb8195e\" data-id=\"fb8195e\" data-element_type=\"column\" data-e-type=\"column\">\n\t\t\t<div class=\"elementor-widget-wrap elementor-element-populated\">\n\t\t\t\t\t\t<section class=\"elementor-section elementor-inner-section elementor-element elementor-element-ceb8eba elementor-section-boxed elementor-section-height-default elementor-section-height-default\" data-id=\"ceb8eba\" data-element_type=\"section\" data-e-type=\"section\">\n\t\t\t\t\t\t<div class=\"elementor-container elementor-column-gap-default\">\n\t\t\t\t\t<div class=\"elementor-column elementor-col-100 elementor-inner-column elementor-element elementor-element-3fd4841\" data-id=\"3fd4841\" data-element_type=\"column\" data-e-type=\"column\">\n\t\t\t<div class=\"elementor-widget-wrap elementor-element-populated\">\n\t\t\t\t\t\t<div class=\"elementor-element elementor-element-351ea38 elementor-widget elementor-widget-text-editor\" data-id=\"351ea38\" data-element_type=\"widget\" data-e-type=\"widget\" data-widget_type=\"text-editor.default\">\n\t\t\t\t<div class=\"elementor-widget-container\">\n\t\t\t\t\t\t\t\t\t<p class=\"vorspann\"><strong><a href=\"https:\/\/www.dortmund.de\/de\/leben_in_dortmund\/internationales\/integrationsrat\/muensterstrassenfest\/muensterstrassenfest.htm\">Dortmund \u015eehri Entegrasyon Konseyi&#8217;nin geleneksel M\u00fcnsterstrasse Festivali, Uluslararas\u0131 Haftan\u0131n y\u0131ll\u0131k en \u00f6nemli etkinliklerinden biridir.<\/a><\/strong><\/p>\n<div class=\"clearfix\">\n<p> Etkinlik art\u0131k \u015fehrin kuzeyinde bir demirba\u015f haline geldi &#8211; bilgi, yiyecek ve i\u00e7ecek standlar\u0131 olan kul\u00fcplerin, gruplar\u0131n ve kurumlar\u0131n yer ald\u0131\u011f\u0131 uluslararas\u0131 ve \u00e7ok k\u00fclt\u00fcrl\u00fc bir festival. Uluslararas\u0131 m\u00fczik ve folklor katk\u0131lar\u0131yla bir k\u00fclt\u00fcrel program taraf\u0131ndan \u00e7er\u00e7evelenmi\u015ftir. <\/p>\n<h4 class = \"col-paddingTop col-paddingBottom-1_5x headline-medium\"> K\u00fclt\u00fcrler aras\u0131 kar\u015f\u0131la\u015fmalar ve mutfak lezzetleri <\/h4>\n<p> Ziyaret\u00e7iler M\u00fcnsterstrasse&#8217;de gezinebilir, \u00e7e\u015fitli kul\u00fcplerin teklifleri hakk\u0131nda bilgi edinebilir ve Afrika spesiyalitelerinden T\u00fcrk lezzetlerinden do\u011fu lezzetlerine kadar d\u00fcnyan\u0131n her yerinden mutfak lezzetlerini deneyebilir. <\/p>\n<p> Pek \u00e7ok grup ve dernek \u00e7al\u0131\u015fmalar\u0131 hakk\u0131nda bilgi verdi, tart\u0131\u015fmalara a\u00e7\u0131kt\u0131 ve bir\u00e7o\u011fu kendi \u00fclkelerinden ev yap\u0131m\u0131 yemekler sunuyor. Farkl\u0131 bir sahne program\u0131 k\u00fclt\u00fcrel zevki garanti eder: Uluslararas\u0131 m\u00fczik ve folklor sayesinde konuklar di\u011fer k\u00fclt\u00fcrleri ve gelenekleri tan\u0131yabilir. <\/p>\n\t\t\t\t\t\t\t\t<\/div>\n\t\t\t\t<\/div>\n\t\t\t\t\t<\/div>\n\t\t<\/div>\n\t\t\t\t\t<\/div>\n\t\t<\/section>\n\t\t\t\t\t<\/div>\n\t\t<\/div>\n\t\t\t\t\t<\/div>\n\t\t<\/section>\n\t\t\t\t<section class=\"elementor-section elementor-top-section elementor-element elementor-element-c877850 elementor-section-boxed elementor-section-height-default elementor-section-height-default\" data-id=\"c877850\" data-element_type=\"section\" data-e-type=\"section\">\n\t\t\t\t\t\t<div class=\"elementor-container elementor-column-gap-default\">\n\t\t\t\t\t<div class=\"elementor-column elementor-col-100 elementor-top-column elementor-element elementor-element-5e50304\" data-id=\"5e50304\" data-element_type=\"column\" data-e-type=\"column\">\n\t\t\t<div class=\"elementor-widget-wrap elementor-element-populated\">\n\t\t\t\t\t\t\t<\/div>\n\t\t<\/div>\n\t\t\t\t\t<\/div>\n\t\t<\/section>\n\t\t\t\t<\/div>\n\t\t","protected":false},"excerpt":{"rendered":"<p>Dortmund \u015eehri Entegrasyon Konseyi&#8217;nin geleneksel M\u00fcnsterstrasse Festivali, Uluslararas\u0131 Haftan\u0131n y\u0131ll\u0131k en \u00f6nemli etkinliklerinden biridir. Etkinlik art\u0131k \u015fehrin kuzeyinde bir demirba\u015f haline geldi &#8211; bilgi, yiyecek ve i\u00e7ecek standlar\u0131 olan kul\u00fcplerin, gruplar\u0131n ve kurumlar\u0131n yer ald\u0131\u011f\u0131 uluslararas\u0131 ve \u00e7ok k\u00fclt\u00fcrl\u00fc bir festival. Uluslararas\u0131 m\u00fczik ve folklor katk\u0131lar\u0131yla bir k\u00fclt\u00fcrel program taraf\u0131ndan \u00e7er\u00e7evelenmi\u015ftir. K\u00fclt\u00fcrler aras\u0131 kar\u015f\u0131la\u015fmalar ve [&hellip;]<\/p>\n","protected":false},"author":1,"featured_media":0,"parent":0,"menu_order":0,"comment_status":"closed","ping_status":"closed","template":"","meta":{"footnotes":""},"class_list":["post-2172","page","type-page","status-publish","hentry"],"_links":{"self":[{"href":"https:\/\/www.muensterstr.de\/tr\/wp-json\/wp\/v2\/pages\/2172","targetHints":{"allow":["GET"]}}],"collection":[{"href":"https:\/\/www.muensterstr.de\/tr\/wp-json\/wp\/v2\/pages"}],"about":[{"href":"https:\/\/www.muensterstr.de\/tr\/wp-json\/wp\/v2\/types\/page"}],"author":[{"embeddable":true,"href":"https:\/\/www.muensterstr.de\/tr\/wp-json\/wp\/v2\/users\/1"}],"replies":[{"embeddable":true,"href":"https:\/\/www.muensterstr.de\/tr\/wp-json\/wp\/v2\/comments?post=2172"}],"version-history":[{"count":2,"href":"https:\/\/www.muensterstr.de\/tr\/wp-json\/wp\/v2\/pages\/2172\/revisions"}],"predecessor-version":[{"id":2344,"href":"https:\/\/www.muensterstr.de\/tr\/wp-json\/wp\/v2\/pages\/2172\/revisions\/2344"}],"wp:attachment":[{"href":"https:\/\/www.muensterstr.de\/tr\/wp-json\/wp\/v2\/media?parent=2172"}],"curies":[{"name":"wp","href":"https:\/\/api.w.org\/{rel}","templated":true}]}}