{"id":2130,"date":"2021-02-17T12:10:49","date_gmt":"2021-02-17T11:10:49","guid":{"rendered":"https:\/\/www.muensterstr.de\/ilgi-grubu-muensterstrasse\/"},"modified":"2021-03-17T17:47:12","modified_gmt":"2021-03-17T16:47:12","slug":"ilgi-grubu-muensterstrasse","status":"publish","type":"page","link":"https:\/\/www.muensterstr.de\/tr\/ilgi-grubu-muensterstrasse\/","title":{"rendered":"\u0130lgi grubu M\u00fcnsterstr"},"content":{"rendered":"\t\t<div data-elementor-type=\"wp-page\" data-elementor-id=\"2130\" class=\"elementor elementor-2130\">\n\t\t\t\t\t\t<section class=\"elementor-section elementor-top-section elementor-element elementor-element-2105cfe elementor-section-boxed elementor-section-height-default elementor-section-height-default\" data-id=\"2105cfe\" data-element_type=\"section\" data-e-type=\"section\">\n\t\t\t\t\t\t<div class=\"elementor-container elementor-column-gap-default\">\n\t\t\t\t\t<div class=\"elementor-column elementor-col-100 elementor-top-column elementor-element elementor-element-906a337\" data-id=\"906a337\" data-element_type=\"column\" data-e-type=\"column\">\n\t\t\t<div class=\"elementor-widget-wrap elementor-element-populated\">\n\t\t\t\t\t\t<section class=\"elementor-section elementor-inner-section elementor-element elementor-element-57dbda7 elementor-section-full_width elementor-section-height-default elementor-section-height-default\" data-id=\"57dbda7\" data-element_type=\"section\" data-e-type=\"section\">\n\t\t\t\t\t\t<div class=\"elementor-container elementor-column-gap-default\">\n\t\t\t\t\t<div class=\"elementor-column elementor-col-50 elementor-inner-column elementor-element elementor-element-21cd113\" data-id=\"21cd113\" data-element_type=\"column\" data-e-type=\"column\">\n\t\t\t<div class=\"elementor-widget-wrap elementor-element-populated\">\n\t\t\t\t\t\t<div class=\"elementor-element elementor-element-2b1cd1d elementor-widget elementor-widget-image\" data-id=\"2b1cd1d\" data-element_type=\"widget\" data-e-type=\"widget\" data-widget_type=\"image.default\">\n\t\t\t\t<div class=\"elementor-widget-container\">\n\t\t\t\t\t\t\t\t\t\t\t\t\t\t\t<img decoding=\"async\" width=\"137\" height=\"200\" src=\"https:\/\/www.muensterstr.de\/wp-content\/uploads\/2020\/12\/ausbuettel.jpeg\" class=\"attachment-large size-large wp-image-1970\" alt=\"\" \/>\t\t\t\t\t\t\t\t\t\t\t\t\t\t\t<\/div>\n\t\t\t\t<\/div>\n\t\t\t\t\t<\/div>\n\t\t<\/div>\n\t\t\t\t<div class=\"elementor-column elementor-col-50 elementor-inner-column elementor-element elementor-element-0c59385\" data-id=\"0c59385\" data-element_type=\"column\" data-e-type=\"column\">\n\t\t\t<div class=\"elementor-widget-wrap elementor-element-populated\">\n\t\t\t\t\t\t<div class=\"elementor-element elementor-element-46d6330 elementor-widget elementor-widget-text-editor\" data-id=\"46d6330\" data-element_type=\"widget\" data-e-type=\"widget\" data-widget_type=\"text-editor.default\">\n\t\t\t\t<div class=\"elementor-widget-container\">\n\t\t\t\t\t\t\t\t\t<p>Sevgili kom\u015fular,<\/p>\n<p>M\u00fcnsterstrasse&#8217;de oturuyorsunuz, burada \u00e7al\u0131\u015f\u0131yorsunuz veya bir i\u015f y\u00fcr\u00fct\u00fcyorsunuz, ev sahibi veya kirac\u0131s\u0131n\u0131z; ka\u00e7 ki\u015finin M\u00fcnsterstrasse&#8217;ye \u00f6zel bir \u015fekilde ba\u011fl\u0131 oldu\u011funu hissediyorsun.<\/p>\n<p>IG M\u00fcnsterstrasse, b\u00f6lgenin siyaset, i\u015f d\u00fcnyas\u0131 ve medyadaki \u00e7\u0131karlar\u0131n\u0131 temsil etmek i\u00e7in kuruldu. Ayr\u0131ca bir\u00e7ok ba\u015far\u0131l\u0131 promosyonu ger\u00e7ekle\u015ftiren aktif bir reklamc\u0131l\u0131k toplulu\u011fudur.<\/p>\n<p>Al\u0131\u015fveri\u015f caddemiz ile ilgili herhangi bir sorunuz, \u00f6neriniz veya talebiniz varsa l\u00fctfen bizimle ileti\u015fime ge\u00e7in. Bir \u015feyi be\u011fenmediyseniz, l\u00fctfen bize s\u00f6yleyin. Bununla ilgilenmekten mutluluk duyuyoruz! IG&#8217;nin bir \u00fcyesi olarak aktif olmak istiyorsan\u0131z, <a href = \"https:\/\/www.muensterstr.de\/wp-content\/uploads\/2020\/12\/Aufnahmeantrag_neu-1-1.pdf\" > \u00fcyelik ba\u015fvurusu <\/a> kapal\u0131.<\/p>\n<p>IG M\u00fcnsterstrasse&#8217;den s\u0131cak selamlar<\/p>\n<p>Nicole Ausb\u00fcttel<br \/>\n(1. sandalye)<\/p>\n\t\t\t\t\t\t\t\t<\/div>\n\t\t\t\t<\/div>\n\t\t\t\t\t<\/div>\n\t\t<\/div>\n\t\t\t\t\t<\/div>\n\t\t<\/section>\n\t\t\t\t\t<\/div>\n\t\t<\/div>\n\t\t\t\t\t<\/div>\n\t\t<\/section>\n\t\t\t\t<section class=\"elementor-section elementor-top-section elementor-element elementor-element-f687f35 elementor-section-boxed elementor-section-height-default elementor-section-height-default\" data-id=\"f687f35\" data-element_type=\"section\" data-e-type=\"section\">\n\t\t\t\t\t\t<div class=\"elementor-container elementor-column-gap-default\">\n\t\t\t\t\t<div class=\"elementor-column elementor-col-100 elementor-top-column elementor-element elementor-element-7a1725f\" data-id=\"7a1725f\" data-element_type=\"column\" data-e-type=\"column\">\n\t\t\t<div class=\"elementor-widget-wrap elementor-element-populated\">\n\t\t\t\t\t\t<section class=\"elementor-section elementor-inner-section elementor-element elementor-element-eb64922 elementor-section-full_width elementor-section-height-default elementor-section-height-default\" data-id=\"eb64922\" data-element_type=\"section\" data-e-type=\"section\">\n\t\t\t\t\t\t<div class=\"elementor-container elementor-column-gap-default\">\n\t\t\t\t\t<div class=\"elementor-column elementor-col-50 elementor-inner-column elementor-element elementor-element-4a9abc3\" data-id=\"4a9abc3\" data-element_type=\"column\" data-e-type=\"column\">\n\t\t\t<div class=\"elementor-widget-wrap elementor-element-populated\">\n\t\t\t\t\t\t<div class=\"elementor-element elementor-element-94b4e76 elementor-widget elementor-widget-text-editor\" data-id=\"94b4e76\" data-element_type=\"widget\" data-e-type=\"widget\" data-widget_type=\"text-editor.default\">\n\t\t\t\t<div class=\"elementor-widget-container\">\n\t\t\t\t\t\t\t\t\t<p> <strong> IG M\u00fcnsterstrasse, aktif bir lobi grubu <\/strong> <\/p>\n<p> \u00c7\u0131kar grubunun (IG) kurulu, \u00f6zellikle b\u00f6lgenin s\u00fcrekli canland\u0131r\u0131lmas\u0131 ve g\u00fczelle\u015ftirilmesi amac\u0131yla M\u00fcnsterstrasse ve kom\u015fu sokaklardaki ev sahiplerini ve esnaf\u0131 destekliyor. <\/p>\n<p> \u0130rtibat ki\u015fisi olarak, \u00f6rne\u011fin trafik d\u00fczenlemesi ve park alanlar\u0131n\u0131n belirlenmesi konular\u0131nda IG, politika ve idare i\u00e7in bir ba\u015fvurucudur. IG, sat\u0131\u015fa a\u00e7\u0131k olan partiler ve Pazar g\u00fcnleri i\u00e7in izinler ve sigorta kapsam\u0131yla ilgilenir. IG, bir bro\u015f\u00fcrde M\u00fcnsterstrasse&#8217;deki \u00e7e\u015fitli al\u0131\u015fveri\u015f ve k\u00fclt\u00fcrel f\u0131rsatlar\u0131 sunuyor. Caddenin \u00e7evresinde, soka\u011f\u0131n sundu\u011fu \u00e7e\u015fitli teklifleri daha da anla\u015f\u0131l\u0131r hale getirecek \u015fekilde s\u00fctunlar ve reklam panolar\u0131 uygulanm\u0131\u015ft\u0131r. <\/p>\n<p> IG, \u00e7e\u015fitli koordineli \u00f6nlemlerle bir al\u0131\u015fveri\u015f merkezi ve yerle\u015fim b\u00f6lgesi olarak M\u00fcnsterstrasse&#8217;nin \u00e7ekicili\u011fini te\u015fvik ediyor. Bunlar aras\u0131nda <\/p>\n<p> &#8211; Politika, idare, ekonomi ile ilgili \u00e7\u0131karlar\u0131n temsili <br \/>\n&#8211; Trafik kontrol\u00fcn\u00fcn optimizasyonu <br \/>\n&#8211; Tek y\u00f6n yol i\u00e7in yetkilendirme <br \/>\n&#8211; Park alanlar\u0131n\u0131n olu\u015fturulmas\u0131 <br \/>\n&#8211; Pazar al\u0131\u015fveri\u015fi tutmak <br \/>\n&#8211; Martin&#8217;in Kas\u0131m&#8217;daki ge\u00e7it t\u00f6reni <br \/>\n&#8211; Noel \u0131\u015f\u0131klar\u0131 ve Noel pazar\u0131 <br \/>\n&#8211; \u00dcyeler i\u00e7in \u00fccretsiz y\u0131ll\u0131k genel bak\u0131\u015f takvimi <br \/>\n&#8211; Okul programlar\u0131 <br \/>\n&#8211; Yasad\u0131\u015f\u0131 ilanlara kar\u015f\u0131 savunma <br \/>\n&#8211; Ayakta duran k\u00fcl tablalar\u0131 i\u00e7in ba\u015fvuru <br \/>\n&#8211; Bas\u0131n \u00e7al\u0131\u015fmas\u0131 <\/p>\n<p> \u00c7e\u015fitli, koordineli \u00f6nlemler, bir al\u0131\u015fveri\u015f merkezi ve yerle\u015fim b\u00f6lgesi olarak M\u00fcnsterstrasse&#8217;nin \u00e7ekicili\u011fini te\u015fvik ediyor. <\/p>\n\t\t\t\t\t\t\t\t<\/div>\n\t\t\t\t<\/div>\n\t\t\t\t\t<\/div>\n\t\t<\/div>\n\t\t\t\t<div class=\"elementor-column elementor-col-50 elementor-inner-column elementor-element elementor-element-559a848\" data-id=\"559a848\" data-element_type=\"column\" data-e-type=\"column\">\n\t\t\t<div class=\"elementor-widget-wrap elementor-element-populated\">\n\t\t\t\t\t\t<div class=\"elementor-element elementor-element-b940e5c elementor-widget elementor-widget-image\" data-id=\"b940e5c\" data-element_type=\"widget\" data-e-type=\"widget\" data-widget_type=\"image.default\">\n\t\t\t\t<div class=\"elementor-widget-container\">\n\t\t\t\t\t\t\t\t\t\t\t\t\t\t\t<img decoding=\"async\" width=\"200\" height=\"137\" src=\"https:\/\/www.muensterstr.de\/wp-content\/uploads\/2020\/12\/urul.jpeg\" class=\"attachment-large size-large wp-image-1967\" alt=\"\" \/>\t\t\t\t\t\t\t\t\t\t\t\t\t\t\t<\/div>\n\t\t\t\t<\/div>\n\t\t\t\t\t<\/div>\n\t\t<\/div>\n\t\t\t\t\t<\/div>\n\t\t<\/section>\n\t\t\t\t\t<\/div>\n\t\t<\/div>\n\t\t\t\t\t<\/div>\n\t\t<\/section>\n\t\t\t\t<\/div>\n\t\t","protected":false},"excerpt":{"rendered":"<p>Sevgili kom\u015fular, M\u00fcnsterstrasse&#8217;de oturuyorsunuz, burada \u00e7al\u0131\u015f\u0131yorsunuz veya bir i\u015f y\u00fcr\u00fct\u00fcyorsunuz, ev sahibi veya kirac\u0131s\u0131n\u0131z; ka\u00e7 ki\u015finin M\u00fcnsterstrasse&#8217;ye \u00f6zel bir \u015fekilde ba\u011fl\u0131 oldu\u011funu hissediyorsun. IG M\u00fcnsterstrasse, b\u00f6lgenin siyaset, i\u015f d\u00fcnyas\u0131 ve medyadaki \u00e7\u0131karlar\u0131n\u0131 temsil etmek i\u00e7in kuruldu. Ayr\u0131ca bir\u00e7ok ba\u015far\u0131l\u0131 promosyonu ger\u00e7ekle\u015ftiren aktif bir reklamc\u0131l\u0131k toplulu\u011fudur. Al\u0131\u015fveri\u015f caddemiz ile ilgili herhangi bir sorunuz, \u00f6neriniz veya talebiniz [&hellip;]<\/p>\n","protected":false},"author":1,"featured_media":0,"parent":0,"menu_order":0,"comment_status":"closed","ping_status":"open","template":"","meta":{"footnotes":""},"class_list":["post-2130","page","type-page","status-publish","hentry"],"_links":{"self":[{"href":"https:\/\/www.muensterstr.de\/tr\/wp-json\/wp\/v2\/pages\/2130","targetHints":{"allow":["GET"]}}],"collection":[{"href":"https:\/\/www.muensterstr.de\/tr\/wp-json\/wp\/v2\/pages"}],"about":[{"href":"https:\/\/www.muensterstr.de\/tr\/wp-json\/wp\/v2\/types\/page"}],"author":[{"embeddable":true,"href":"https:\/\/www.muensterstr.de\/tr\/wp-json\/wp\/v2\/users\/1"}],"replies":[{"embeddable":true,"href":"https:\/\/www.muensterstr.de\/tr\/wp-json\/wp\/v2\/comments?post=2130"}],"version-history":[{"count":2,"href":"https:\/\/www.muensterstr.de\/tr\/wp-json\/wp\/v2\/pages\/2130\/revisions"}],"predecessor-version":[{"id":2132,"href":"https:\/\/www.muensterstr.de\/tr\/wp-json\/wp\/v2\/pages\/2130\/revisions\/2132"}],"wp:attachment":[{"href":"https:\/\/www.muensterstr.de\/tr\/wp-json\/wp\/v2\/media?parent=2130"}],"curies":[{"name":"wp","href":"https:\/\/api.w.org\/{rel}","templated":true}]}}