{"id":2128,"date":"2021-02-17T12:10:19","date_gmt":"2021-02-17T11:10:19","guid":{"rendered":"https:\/\/www.muensterstr.de\/interest-group-muensterstrasse\/"},"modified":"2021-03-17T17:46:07","modified_gmt":"2021-03-17T16:46:07","slug":"interest-group-muensterstrasse","status":"publish","type":"page","link":"https:\/\/www.muensterstr.de\/en\/interest-group-muensterstrasse\/","title":{"rendered":"Interest Group M\u00fcnsterstr"},"content":{"rendered":"\t\t<div data-elementor-type=\"wp-page\" data-elementor-id=\"2128\" class=\"elementor elementor-2128\">\n\t\t\t\t\t\t<section class=\"elementor-section elementor-top-section elementor-element elementor-element-2105cfe elementor-section-boxed elementor-section-height-default elementor-section-height-default\" data-id=\"2105cfe\" data-element_type=\"section\" data-e-type=\"section\">\n\t\t\t\t\t\t<div class=\"elementor-container elementor-column-gap-default\">\n\t\t\t\t\t<div class=\"elementor-column elementor-col-100 elementor-top-column elementor-element elementor-element-906a337\" data-id=\"906a337\" data-element_type=\"column\" data-e-type=\"column\">\n\t\t\t<div class=\"elementor-widget-wrap elementor-element-populated\">\n\t\t\t\t\t\t<section class=\"elementor-section elementor-inner-section elementor-element elementor-element-57dbda7 elementor-section-full_width elementor-section-height-default elementor-section-height-default\" data-id=\"57dbda7\" data-element_type=\"section\" data-e-type=\"section\">\n\t\t\t\t\t\t<div class=\"elementor-container elementor-column-gap-default\">\n\t\t\t\t\t<div class=\"elementor-column elementor-col-50 elementor-inner-column elementor-element elementor-element-21cd113\" data-id=\"21cd113\" data-element_type=\"column\" data-e-type=\"column\">\n\t\t\t<div class=\"elementor-widget-wrap elementor-element-populated\">\n\t\t\t\t\t\t<div class=\"elementor-element elementor-element-2b1cd1d elementor-widget elementor-widget-image\" data-id=\"2b1cd1d\" data-element_type=\"widget\" data-e-type=\"widget\" data-widget_type=\"image.default\">\n\t\t\t\t<div class=\"elementor-widget-container\">\n\t\t\t\t\t\t\t\t\t\t\t\t\t\t\t<img decoding=\"async\" width=\"137\" height=\"200\" src=\"https:\/\/www.muensterstr.de\/wp-content\/uploads\/2020\/12\/ausbuettel.jpeg\" class=\"attachment-large size-large wp-image-1969\" alt=\"\" \/>\t\t\t\t\t\t\t\t\t\t\t\t\t\t\t<\/div>\n\t\t\t\t<\/div>\n\t\t\t\t\t<\/div>\n\t\t<\/div>\n\t\t\t\t<div class=\"elementor-column elementor-col-50 elementor-inner-column elementor-element elementor-element-0c59385\" data-id=\"0c59385\" data-element_type=\"column\" data-e-type=\"column\">\n\t\t\t<div class=\"elementor-widget-wrap elementor-element-populated\">\n\t\t\t\t\t\t<div class=\"elementor-element elementor-element-46d6330 elementor-widget elementor-widget-text-editor\" data-id=\"46d6330\" data-element_type=\"widget\" data-e-type=\"widget\" data-widget_type=\"text-editor.default\">\n\t\t\t\t<div class=\"elementor-widget-container\">\n\t\t\t\t\t\t\t\t\t<p>Dear neighbours,<\/p>\n<p>You live in M\u00fcnsterstrasse, work here or run a business, you are a house owner or tenant; how many people do you feel connected to M\u00fcnsterstrasse in a special way.<\/p>\n<p>The IG M\u00fcnsterstrasse was founded to represent the interests of the district in politics, business and the media. In addition, it is an active advertising community that carries out many successful promotions.<\/p>\n<p>If you have any questions, suggestions or requests regarding our shopping street, please contact us. If you don&#8217;t like something, please tell us. We are happy to take care of it! If you want to become active as a member of the IG, simply fill out the <a href=\"https:\/\/www.muensterstr.de\/wp-content\/uploads\/2020\/12\/Aufnahmeantrag_neu-1-1.pdf\"> application for membership <\/a> off.<\/p>\n<p>Warm greetings from IG M\u00fcnsterstrasse<\/p>\n<p>Nicole Ausb\u00fcttel<br \/>\n(1st chair) <\/p>\n\t\t\t\t\t\t\t\t<\/div>\n\t\t\t\t<\/div>\n\t\t\t\t\t<\/div>\n\t\t<\/div>\n\t\t\t\t\t<\/div>\n\t\t<\/section>\n\t\t\t\t\t<\/div>\n\t\t<\/div>\n\t\t\t\t\t<\/div>\n\t\t<\/section>\n\t\t\t\t<section class=\"elementor-section elementor-top-section elementor-element elementor-element-f687f35 elementor-section-boxed elementor-section-height-default elementor-section-height-default\" data-id=\"f687f35\" data-element_type=\"section\" data-e-type=\"section\">\n\t\t\t\t\t\t<div class=\"elementor-container elementor-column-gap-default\">\n\t\t\t\t\t<div class=\"elementor-column elementor-col-100 elementor-top-column elementor-element elementor-element-7a1725f\" data-id=\"7a1725f\" data-element_type=\"column\" data-e-type=\"column\">\n\t\t\t<div class=\"elementor-widget-wrap elementor-element-populated\">\n\t\t\t\t\t\t<section class=\"elementor-section elementor-inner-section elementor-element elementor-element-eb64922 elementor-section-full_width elementor-section-height-default elementor-section-height-default\" data-id=\"eb64922\" data-element_type=\"section\" data-e-type=\"section\">\n\t\t\t\t\t\t<div class=\"elementor-container elementor-column-gap-default\">\n\t\t\t\t\t<div class=\"elementor-column elementor-col-50 elementor-inner-column elementor-element elementor-element-4a9abc3\" data-id=\"4a9abc3\" data-element_type=\"column\" data-e-type=\"column\">\n\t\t\t<div class=\"elementor-widget-wrap elementor-element-populated\">\n\t\t\t\t\t\t<div class=\"elementor-element elementor-element-94b4e76 elementor-widget elementor-widget-text-editor\" data-id=\"94b4e76\" data-element_type=\"widget\" data-e-type=\"widget\" data-widget_type=\"text-editor.default\">\n\t\t\t\t<div class=\"elementor-widget-container\">\n\t\t\t\t\t\t\t\t\t<p> <strong> IG M\u00fcnsterstrasse, an active lobby group <\/strong> <\/p>\n<p> The board of the interest group (IG) supports the homeowners and tradespeople on M\u00fcnsterstrasse and adjacent streets, especially with a view to the constant revitalization and beautification of the district. <\/p>\n<p> As a contact, for example in questions of traffic regulation and the designation of parking areas, the IG is an applicant for politics and administration. The IG takes care of the permits and insurance cover for parties and Sundays that are open for sale. In a brochure, the IG presents the diverse shopping and cultural opportunities on M\u00fcnsterstrasse. In the vicinity of the street, pillars and billboards have been applied for, which should make the diverse offer of the street even clearer. <\/p>\n<p> With various coordinated measures, the IG promotes the attractiveness of M\u00fcnsterstrasse as a shopping center and residential area. These include <\/p>\n<p> &#8211; Representation of interests in relation to politics, administration, economy <br \/>\n&#8211; Optimization of the traffic control <br \/>\n&#8211; Authorization for a one-way street <br \/>\n&#8211; Creation of parking areas <br \/>\n&#8211; Holding Sunday shopping <br \/>\n&#8211; Martin&#8217;s parade in November <br \/>\n&#8211; Christmas lights and Christmas market <br \/>\n&#8211; Annual overview calendar, free for members <br \/>\n&#8211; School timetables <br \/>\n&#8211; Defense against illegal billposting <br \/>\n&#8211; Application for standing ashtrays <br \/>\n&#8211; Press work <\/p>\n<p> Various, coordinated measures promote the attractiveness of M\u00fcnsterstrasse as a shopping center and residential area. <\/p>\n\t\t\t\t\t\t\t\t<\/div>\n\t\t\t\t<\/div>\n\t\t\t\t\t<\/div>\n\t\t<\/div>\n\t\t\t\t<div class=\"elementor-column elementor-col-50 elementor-inner-column elementor-element elementor-element-559a848\" data-id=\"559a848\" data-element_type=\"column\" data-e-type=\"column\">\n\t\t\t<div class=\"elementor-widget-wrap elementor-element-populated\">\n\t\t\t\t\t\t<div class=\"elementor-element elementor-element-b940e5c elementor-widget elementor-widget-image\" data-id=\"b940e5c\" data-element_type=\"widget\" data-e-type=\"widget\" data-widget_type=\"image.default\">\n\t\t\t\t<div class=\"elementor-widget-container\">\n\t\t\t\t\t\t\t\t\t\t\t\t\t\t\t<img decoding=\"async\" width=\"200\" height=\"137\" src=\"https:\/\/www.muensterstr.de\/wp-content\/uploads\/2020\/12\/urul.jpeg\" class=\"attachment-large size-large wp-image-1966\" alt=\"\" \/>\t\t\t\t\t\t\t\t\t\t\t\t\t\t\t<\/div>\n\t\t\t\t<\/div>\n\t\t\t\t\t<\/div>\n\t\t<\/div>\n\t\t\t\t\t<\/div>\n\t\t<\/section>\n\t\t\t\t\t<\/div>\n\t\t<\/div>\n\t\t\t\t\t<\/div>\n\t\t<\/section>\n\t\t\t\t<\/div>\n\t\t","protected":false},"excerpt":{"rendered":"<p>Dear neighbours, You live in M\u00fcnsterstrasse, work here or run a business, you are a house owner or tenant; how many people do you feel connected to M\u00fcnsterstrasse in a special way. The IG M\u00fcnsterstrasse was founded to represent the interests of the district in politics, business and the media. In addition, it is an [&hellip;]<\/p>\n","protected":false},"author":1,"featured_media":0,"parent":0,"menu_order":0,"comment_status":"closed","ping_status":"open","template":"","meta":{"footnotes":""},"class_list":["post-2128","page","type-page","status-publish","hentry"],"_links":{"self":[{"href":"https:\/\/www.muensterstr.de\/en\/wp-json\/wp\/v2\/pages\/2128","targetHints":{"allow":["GET"]}}],"collection":[{"href":"https:\/\/www.muensterstr.de\/en\/wp-json\/wp\/v2\/pages"}],"about":[{"href":"https:\/\/www.muensterstr.de\/en\/wp-json\/wp\/v2\/types\/page"}],"author":[{"embeddable":true,"href":"https:\/\/www.muensterstr.de\/en\/wp-json\/wp\/v2\/users\/1"}],"replies":[{"embeddable":true,"href":"https:\/\/www.muensterstr.de\/en\/wp-json\/wp\/v2\/comments?post=2128"}],"version-history":[{"count":2,"href":"https:\/\/www.muensterstr.de\/en\/wp-json\/wp\/v2\/pages\/2128\/revisions"}],"predecessor-version":[{"id":2133,"href":"https:\/\/www.muensterstr.de\/en\/wp-json\/wp\/v2\/pages\/2128\/revisions\/2133"}],"wp:attachment":[{"href":"https:\/\/www.muensterstr.de\/en\/wp-json\/wp\/v2\/media?parent=2128"}],"curies":[{"name":"wp","href":"https:\/\/api.w.org\/{rel}","templated":true}]}}