{"id":2140,"date":"2021-02-17T12:14:49","date_gmt":"2021-02-17T11:14:49","guid":{"rendered":"https:\/\/www.muensterstr.de\/%d8%a8%d8%b5%d9%85%d8%a9\/"},"modified":"2021-02-17T12:14:49","modified_gmt":"2021-02-17T11:14:49","slug":"%d8%a8%d8%b5%d9%85%d8%a9","status":"publish","type":"page","link":"https:\/\/www.muensterstr.de\/ar\/%d8%a8%d8%b5%d9%85%d8%a9\/","title":{"rendered":"\u0628\u0635\u0645\u0629"},"content":{"rendered":"\t\t<div data-elementor-type=\"wp-page\" data-elementor-id=\"2140\" class=\"elementor elementor-2140\">\n\t\t\t\t\t\t<section class=\"elementor-section elementor-top-section elementor-element elementor-element-12f6f7f elementor-section-boxed elementor-section-height-default elementor-section-height-default\" data-id=\"12f6f7f\" data-element_type=\"section\" data-e-type=\"section\">\n\t\t\t\t\t\t<div class=\"elementor-container elementor-column-gap-default\">\n\t\t\t\t\t<div class=\"elementor-column elementor-col-100 elementor-top-column elementor-element elementor-element-e216add\" data-id=\"e216add\" data-element_type=\"column\" data-e-type=\"column\">\n\t\t\t<div class=\"elementor-widget-wrap elementor-element-populated\">\n\t\t\t\t\t\t<div class=\"elementor-element elementor-element-db01ec3 elementor-widget elementor-widget-text-editor\" data-id=\"db01ec3\" data-element_type=\"widget\" data-e-type=\"widget\" data-widget_type=\"text-editor.default\">\n\t\t\t\t<div class=\"elementor-widget-container\">\n\t\t\t\t\t\t\t\t\t<h2>Vorstand<\/h2>\n<\/p>\n<p style=\"text-align: left;\">Nicole Ausb\u00fcttel (1. Vorsitzende)<\/p>\n<p style=\"text-align: left;\">G\u00fclcan Urul (2. Vorsitzende)<\/p>\n<p style=\"text-align: left;\">Ayse Kaya (Schriftf\u00fchrerin)<\/p>\n<p style=\"text-align: left;\">R\u00fcdiger Haack (Kassenwart)<\/p>\n<\/p>\n<h2>Adresse<\/h2>\n<\/p>\n<p style=\"text-align: left;\">M\u00fcnsterstra\u00dfe 45, 44145 Dortmund<\/p>\n<p style=\"text-align: left;\">E-Mail: info@muensterstr.de<\/p>\n<\/p>\n<h3>Urheberrecht<\/h3>\n<p>Alle auf dieser Website ver\u00f6ffentlichten Inhalte (Layout, Texte, Bilder, Grafiken usw.) unterliegen dem Urheberrecht. Jede vom Urheberrechtsgesetz nicht zugelassene Verwertung bedarf vorheriger ausdr\u00fccklicher Zustimmung. Dies gilt insbesondere f\u00fcr Vervielf\u00e4ltigung, Bearbeitung, \u00dcbersetzung, Einspeicherung, Verarbeitung bzw. Wiedergabe von Inhalten in Datenbanken oder anderen elektronischen Medien und Systemen. Fotokopien und Downloads von Web-Seiten f\u00fcr den privaten, wissenschaftlichen und nicht kommerziellen Gebrauch d\u00fcrfen hergestellt werden. Wir erlauben ausdr\u00fccklich und begr\u00fc\u00dfen das Zitieren unserer Dokumente und Webseiten sowie das Setzen von Links auf unsere Website.<\/p>\n<p>Wir sind bestrebt, in allen Publikationen die Urheberrechte der verwendeten Grafiken, Tondokumente, Videosequenzen und Texte zu beachten, von uns selbst erstellte Grafiken, Tondokumente, Videosequenzen und Texte zu nutzen oder auf lizenzfreie Grafiken, Tondokumente, Videosequenzen und Texte zur\u00fcckzugreifen. Alle innerhalb des Internetangebotes genannten und ggf. durch Dritte gesch\u00fctzten Marken- und Warenzeichen unterliegen uneingeschr\u00e4nkt den Bestimmungen des jeweils g\u00fcltigen Kennzeichenrechts und den Besitzrechten der jeweiligen eingetragenen Eigent\u00fcmer. Allein aufgrund der blo\u00dfen Nennung ist nicht der Schluss zu ziehen, dass Markenzeichen nicht durch Rechte Dritter gesch\u00fctzt sind.<\/p>\n<h3>Haftung<\/h3>\n<p>Die Inhalte dieser Website werden mit gr\u00f6\u00dftm\u00f6glicher Sorgfalt recherchiert und implementiert. Fehler im Bearbeitungsvorgang sind dennoch nicht auszuschlie\u00dfen. Hinweise und Korrekturen senden Sie bitte an den die oben genannte Anschrift oder direkt an den Webmaster.<\/p>\n<p>Eine Haftung f\u00fcr die Richtigkeit, Vollst\u00e4ndigkeit und Aktualit\u00e4t dieser Webseiten kann trotz sorgf\u00e4ltiger Pr\u00fcfung nicht \u00fcbernommen werden. Wir \u00fcbernehmen insbesondere keinerlei Haftung, f\u00fcr eventuelle Sch\u00e4den oder Konsequenzen, die durch die direkte oder indirekte Nutzung der angebotenen Inhalte entstehen.<\/p>\n<p>Wir sind als Inhaltsanbieter f\u00fcr die eigenen Inhalte, die wir zur Nutzung bereithalten, nach den allgemeinen Gesetzen verantwortlich. Von diesen eigenen Inhalten sind Querverweise (\u201eexterne Links\u201c) auf die von anderen Anbietern bereitgehaltenen Inhalte zu unterscheiden. Diese fremden Inhalte stammen weder uns, noch haben wir die M\u00f6glichkeit, den Inhalt von Seiten Dritter zu beeinflussen. Die Inhalte fremder Seiten, auf die wir mittels Links hinweisen, spiegeln nicht die unsere Meinung wieder, sondern dienen lediglich der Information und der Darstellung von Zusammenh\u00e4ngen. Diese Feststellungen gelten f\u00fcr alle innerhalb des eigenen Internetangebotes gesetzten Links und Verweise sowie f\u00fcr Fremdeintr\u00e4ge in den von uns eingerichteten G\u00e4steb\u00fcchern, Diskussionsforen und Mailinglisten. F\u00fcr illegale, fehlerhafte oder unvollst\u00e4ndige Inhalte und insbesondere f\u00fcr Sch\u00e4den, die aus der Nutzung oder Nichtnutzung solcherart dargebotener Informationen entstehen, haftet allein der Anbieter der Seite, auf welche verwiesen wurde.<\/p>\n<p>Diese Homepage wurde finanziert von:<\/p>\n<figure class=\"wp-block-image size-large\"><img decoding=\"async\" src=\"https:\/\/www.muensterstr.de\/wp-content\/uploads\/2020\/12\/910b7dd2-fdbe-48c2-83f4-e62b2d54549b.jpeg\" alt=\"\" class=\"wp-image-4469\"><\/figure>\n\t\t\t\t\t\t\t\t<\/div>\n\t\t\t\t<\/div>\n\t\t\t\t\t<\/div>\n\t\t<\/div>\n\t\t\t\t\t<\/div>\n\t\t<\/section>\n\t\t\t\t<\/div>\n\t\t","protected":false},"excerpt":{"rendered":"<p>Vorstand Nicole Ausb\u00fcttel (1. Vorsitzende) G\u00fclcan Urul (2. Vorsitzende) Ayse Kaya (Schriftf\u00fchrerin) R\u00fcdiger Haack (Kassenwart) Adresse M\u00fcnsterstra\u00dfe 45, 44145 Dortmund E-Mail: info@muensterstr.de Urheberrecht Alle auf dieser Website ver\u00f6ffentlichten Inhalte (Layout, Texte, Bilder, Grafiken usw.) unterliegen dem Urheberrecht. Jede vom Urheberrechtsgesetz nicht zugelassene Verwertung bedarf vorheriger ausdr\u00fccklicher Zustimmung. Dies gilt insbesondere f\u00fcr Vervielf\u00e4ltigung, Bearbeitung, \u00dcbersetzung, Einspeicherung, [&hellip;]<\/p>\n","protected":false},"author":1,"featured_media":0,"parent":0,"menu_order":0,"comment_status":"closed","ping_status":"closed","template":"","meta":{"footnotes":""},"class_list":["post-2140","page","type-page","status-publish","hentry"],"_links":{"self":[{"href":"https:\/\/www.muensterstr.de\/ar\/wp-json\/wp\/v2\/pages\/2140","targetHints":{"allow":["GET"]}}],"collection":[{"href":"https:\/\/www.muensterstr.de\/ar\/wp-json\/wp\/v2\/pages"}],"about":[{"href":"https:\/\/www.muensterstr.de\/ar\/wp-json\/wp\/v2\/types\/page"}],"author":[{"embeddable":true,"href":"https:\/\/www.muensterstr.de\/ar\/wp-json\/wp\/v2\/users\/1"}],"replies":[{"embeddable":true,"href":"https:\/\/www.muensterstr.de\/ar\/wp-json\/wp\/v2\/comments?post=2140"}],"version-history":[{"count":1,"href":"https:\/\/www.muensterstr.de\/ar\/wp-json\/wp\/v2\/pages\/2140\/revisions"}],"predecessor-version":[{"id":2141,"href":"https:\/\/www.muensterstr.de\/ar\/wp-json\/wp\/v2\/pages\/2140\/revisions\/2141"}],"wp:attachment":[{"href":"https:\/\/www.muensterstr.de\/ar\/wp-json\/wp\/v2\/media?parent=2140"}],"curies":[{"name":"wp","href":"https:\/\/api.w.org\/{rel}","templated":true}]}}